{"id":18,"date":"2022-08-07T08:16:32","date_gmt":"2022-08-07T08:16:32","guid":{"rendered":"https:\/\/officebucuresti.ro\/?page_id=18"},"modified":"2024-06-10T06:29:06","modified_gmt":"2024-06-10T06:29:06","slug":"realizare-magazin-online","status":"publish","type":"page","link":"https:\/\/officebucuresti.ro\/?page_id=18","title":{"rendered":"Realizare magazin online"},"content":{"rendered":"<h1>Realizare magazin online<\/h1>\n<h2>Creare Magazine Online La Cheie,<br \/>\nOptimizat pentru orice Device Mobil \u0219i Gata s\u0103 V\u00e2nd\u0103 !<\/h2>\n<p>Punem la dispozitie<\/p>\n<p>Tema custom,<br \/>\nFunctionalitati magazin,<br \/>\nFunctionalitati livrare produse,<br \/>\nFunctionalitati facturare(factura, chitanta, aviz transport marfa),<br \/>\nPlati cardd(Netopia), ramburs, cont bancar,<br \/>\nImplementare google my business,<br \/>\n30 produse introduse,<br \/>\nFunctionalitate de modificare masiva a atributelor produselor simple si variate,<br \/>\nFunctionalitati si automatizari seo,<br \/>\nAdrese de email personalizate.<\/p>\n<p>&nbsp;<\/p>\n<h5>Pret 650 euro<\/h5>\n<p>Configurari seo necesare ulterior la implementarea\u00a0 <a href=\"https:\/\/officebucuresti.ro\/servicii-seo-prima-pagina\/\">serviciilor seo pentru a ajunge pe prima pagina pe google<\/a><br \/>\nPretul nu este mare avand in vedere munca si timpul alocat.<\/p>\n","protected":false},"excerpt":{"rendered":"<p>Realizare magazin online Creare Magazine Online La Cheie, Optimizat pentru orice Device Mobil \u0219i Gata s\u0103 V\u00e2nd\u0103 ! Punem la dispozitie Tema custom, Functionalitati magazin, Functionalitati livrare produse, Functionalitati facturare(factura,<\/p>\n<p><a href=\"https:\/\/officebucuresti.ro\/?page_id=18\" class=\"av-btn av-btn-secondary av-btn-bubble\">Continue Reading<span class=\"screen-reader-text\">Realizare magazin online<\/span><i class=\"fa fa-arrow-right\"><\/i><span class=\"bubble_effect\"><span class=\"circle top-left\"><\/span><span class=\"circle top-left\"><\/span><span class=\"circle top-left\"><\/span><span class=\"button effect-button\"><\/span><span class=\"circle bottom-right\"><\/span><span class=\"circle bottom-right\"><\/span><span class=\"circle bottom-right\"><\/span><\/span><\/a><\/p>\n","protected":false},"author":1,"featured_media":0,"parent":0,"menu_order":0,"comment_status":"closed","ping_status":"closed","template":"","meta":{"footnotes":""},"class_list":["post-18","page","type-page","status-publish","hentry"],"yoast_head":"<!-- This site is optimized with the Yoast SEO plugin v27.5 - https:\/\/yoast.com\/product\/yoast-seo-wordpress\/ -->\n<title>Realizare magazin online - SERVICII SEO PRIMA PAGINA<\/title>\n<meta name=\"robots\" content=\"index, follow, max-snippet:-1, max-image-preview:large, max-video-preview:-1\" \/>\n<link rel=\"canonical\" href=\"https:\/\/officebucuresti.ro\/?page_id=18\" \/>\n<meta property=\"og:locale\" content=\"ro_RO\" \/>\n<meta property=\"og:type\" content=\"article\" \/>\n<meta property=\"og:title\" content=\"Realizare magazin online - SERVICII SEO PRIMA PAGINA\" \/>\n<meta property=\"og:description\" content=\"Realizare magazin online Creare Magazine Online La Cheie, Optimizat pentru orice Device Mobil \u0219i Gata s\u0103 V\u00e2nd\u0103 ! Punem la dispozitie Tema custom, Functionalitati magazin, Functionalitati livrare produse, Functionalitati facturare(factura,Continue ReadingRealizare magazin online\" \/>\n<meta property=\"og:url\" content=\"https:\/\/officebucuresti.ro\/?page_id=18\" \/>\n<meta property=\"og:site_name\" content=\"SERVICII SEO PRIMA PAGINA\" \/>\n<meta property=\"article:modified_time\" content=\"2024-06-10T06:29:06+00:00\" \/>\n<meta name=\"twitter:card\" content=\"summary_large_image\" \/>\n<meta name=\"twitter:label1\" content=\"Timp estimat pentru citire\" \/>\n\t<meta name=\"twitter:data1\" content=\"1 minut\" \/>\n<script type=\"application\/ld+json\" class=\"yoast-schema-graph\">{\"@context\":\"https:\\\/\\\/schema.org\",\"@graph\":[{\"@type\":\"WebPage\",\"@id\":\"https:\\\/\\\/officebucuresti.ro\\\/?page_id=18\",\"url\":\"https:\\\/\\\/officebucuresti.ro\\\/?page_id=18\",\"name\":\"Realizare magazin online - SERVICII SEO PRIMA PAGINA\",\"isPartOf\":{\"@id\":\"https:\\\/\\\/officebucuresti.ro\\\/#website\"},\"datePublished\":\"2022-08-07T08:16:32+00:00\",\"dateModified\":\"2024-06-10T06:29:06+00:00\",\"breadcrumb\":{\"@id\":\"https:\\\/\\\/officebucuresti.ro\\\/?page_id=18#breadcrumb\"},\"inLanguage\":\"ro-RO\",\"potentialAction\":[{\"@type\":\"ReadAction\",\"target\":[\"https:\\\/\\\/officebucuresti.ro\\\/?page_id=18\"]}]},{\"@type\":\"BreadcrumbList\",\"@id\":\"https:\\\/\\\/officebucuresti.ro\\\/?page_id=18#breadcrumb\",\"itemListElement\":[{\"@type\":\"ListItem\",\"position\":1,\"name\":\"Prima pagin\u0103\",\"item\":\"https:\\\/\\\/officebucuresti.ro\\\/\"},{\"@type\":\"ListItem\",\"position\":2,\"name\":\"Realizare magazin online\"}]},{\"@type\":\"WebSite\",\"@id\":\"https:\\\/\\\/officebucuresti.ro\\\/#website\",\"url\":\"https:\\\/\\\/officebucuresti.ro\\\/\",\"name\":\"SERVICII SEO PRIMA PAGINA\",\"description\":\"SEO PRIMA PAGINA pe GOOGLE 0786851242\",\"publisher\":{\"@id\":\"https:\\\/\\\/officebucuresti.ro\\\/#\\\/schema\\\/person\\\/6d50bb9909d8fc05f239c4d1440ef0c3\"},\"potentialAction\":[{\"@type\":\"SearchAction\",\"target\":{\"@type\":\"EntryPoint\",\"urlTemplate\":\"https:\\\/\\\/officebucuresti.ro\\\/?s={search_term_string}\"},\"query-input\":{\"@type\":\"PropertyValueSpecification\",\"valueRequired\":true,\"valueName\":\"search_term_string\"}}],\"inLanguage\":\"ro-RO\"},{\"@type\":[\"Person\",\"Organization\"],\"@id\":\"https:\\\/\\\/officebucuresti.ro\\\/#\\\/schema\\\/person\\\/6d50bb9909d8fc05f239c4d1440ef0c3\",\"name\":\"office\",\"image\":{\"@type\":\"ImageObject\",\"inLanguage\":\"ro-RO\",\"@id\":\"https:\\\/\\\/officebucuresti.ro\\\/wp-content\\\/uploads\\\/2022\\\/08\\\/kisspng-search-engine-optimization-web-search-engine-googl-courses-osahub-5cb7d1792ed634.1374824015555505851919.png\",\"url\":\"https:\\\/\\\/officebucuresti.ro\\\/wp-content\\\/uploads\\\/2022\\\/08\\\/kisspng-search-engine-optimization-web-search-engine-googl-courses-osahub-5cb7d1792ed634.1374824015555505851919.png\",\"contentUrl\":\"https:\\\/\\\/officebucuresti.ro\\\/wp-content\\\/uploads\\\/2022\\\/08\\\/kisspng-search-engine-optimization-web-search-engine-googl-courses-osahub-5cb7d1792ed634.1374824015555505851919.png\",\"width\":2126,\"height\":2126,\"caption\":\"office\"},\"logo\":{\"@id\":\"https:\\\/\\\/officebucuresti.ro\\\/wp-content\\\/uploads\\\/2022\\\/08\\\/kisspng-search-engine-optimization-web-search-engine-googl-courses-osahub-5cb7d1792ed634.1374824015555505851919.png\"},\"sameAs\":[\"https:\\\/\\\/officebucuresti.ro\"]}]}<\/script>\n<!-- \/ Yoast SEO plugin. -->","yoast_head_json":{"title":"Realizare magazin online - SERVICII SEO PRIMA PAGINA","robots":{"index":"index","follow":"follow","max-snippet":"max-snippet:-1","max-image-preview":"max-image-preview:large","max-video-preview":"max-video-preview:-1"},"canonical":"https:\/\/officebucuresti.ro\/?page_id=18","og_locale":"ro_RO","og_type":"article","og_title":"Realizare magazin online - SERVICII SEO PRIMA PAGINA","og_description":"Realizare magazin online Creare Magazine Online La Cheie, Optimizat pentru orice Device Mobil \u0219i Gata s\u0103 V\u00e2nd\u0103 ! Punem la dispozitie Tema custom, Functionalitati magazin, Functionalitati livrare produse, Functionalitati facturare(factura,Continue ReadingRealizare magazin online","og_url":"https:\/\/officebucuresti.ro\/?page_id=18","og_site_name":"SERVICII SEO PRIMA PAGINA","article_modified_time":"2024-06-10T06:29:06+00:00","twitter_card":"summary_large_image","twitter_misc":{"Timp estimat pentru citire":"1 minut"},"schema":{"@context":"https:\/\/schema.org","@graph":[{"@type":"WebPage","@id":"https:\/\/officebucuresti.ro\/?page_id=18","url":"https:\/\/officebucuresti.ro\/?page_id=18","name":"Realizare magazin online - SERVICII SEO PRIMA PAGINA","isPartOf":{"@id":"https:\/\/officebucuresti.ro\/#website"},"datePublished":"2022-08-07T08:16:32+00:00","dateModified":"2024-06-10T06:29:06+00:00","breadcrumb":{"@id":"https:\/\/officebucuresti.ro\/?page_id=18#breadcrumb"},"inLanguage":"ro-RO","potentialAction":[{"@type":"ReadAction","target":["https:\/\/officebucuresti.ro\/?page_id=18"]}]},{"@type":"BreadcrumbList","@id":"https:\/\/officebucuresti.ro\/?page_id=18#breadcrumb","itemListElement":[{"@type":"ListItem","position":1,"name":"Prima pagin\u0103","item":"https:\/\/officebucuresti.ro\/"},{"@type":"ListItem","position":2,"name":"Realizare magazin online"}]},{"@type":"WebSite","@id":"https:\/\/officebucuresti.ro\/#website","url":"https:\/\/officebucuresti.ro\/","name":"SERVICII SEO PRIMA PAGINA","description":"SEO PRIMA PAGINA pe GOOGLE 0786851242","publisher":{"@id":"https:\/\/officebucuresti.ro\/#\/schema\/person\/6d50bb9909d8fc05f239c4d1440ef0c3"},"potentialAction":[{"@type":"SearchAction","target":{"@type":"EntryPoint","urlTemplate":"https:\/\/officebucuresti.ro\/?s={search_term_string}"},"query-input":{"@type":"PropertyValueSpecification","valueRequired":true,"valueName":"search_term_string"}}],"inLanguage":"ro-RO"},{"@type":["Person","Organization"],"@id":"https:\/\/officebucuresti.ro\/#\/schema\/person\/6d50bb9909d8fc05f239c4d1440ef0c3","name":"office","image":{"@type":"ImageObject","inLanguage":"ro-RO","@id":"https:\/\/officebucuresti.ro\/wp-content\/uploads\/2022\/08\/kisspng-search-engine-optimization-web-search-engine-googl-courses-osahub-5cb7d1792ed634.1374824015555505851919.png","url":"https:\/\/officebucuresti.ro\/wp-content\/uploads\/2022\/08\/kisspng-search-engine-optimization-web-search-engine-googl-courses-osahub-5cb7d1792ed634.1374824015555505851919.png","contentUrl":"https:\/\/officebucuresti.ro\/wp-content\/uploads\/2022\/08\/kisspng-search-engine-optimization-web-search-engine-googl-courses-osahub-5cb7d1792ed634.1374824015555505851919.png","width":2126,"height":2126,"caption":"office"},"logo":{"@id":"https:\/\/officebucuresti.ro\/wp-content\/uploads\/2022\/08\/kisspng-search-engine-optimization-web-search-engine-googl-courses-osahub-5cb7d1792ed634.1374824015555505851919.png"},"sameAs":["https:\/\/officebucuresti.ro"]}]}},"_links":{"self":[{"href":"https:\/\/officebucuresti.ro\/index.php?rest_route=\/wp\/v2\/pages\/18","targetHints":{"allow":["GET"]}}],"collection":[{"href":"https:\/\/officebucuresti.ro\/index.php?rest_route=\/wp\/v2\/pages"}],"about":[{"href":"https:\/\/officebucuresti.ro\/index.php?rest_route=\/wp\/v2\/types\/page"}],"author":[{"embeddable":true,"href":"https:\/\/officebucuresti.ro\/index.php?rest_route=\/wp\/v2\/users\/1"}],"replies":[{"embeddable":true,"href":"https:\/\/officebucuresti.ro\/index.php?rest_route=%2Fwp%2Fv2%2Fcomments&post=18"}],"version-history":[{"count":6,"href":"https:\/\/officebucuresti.ro\/index.php?rest_route=\/wp\/v2\/pages\/18\/revisions"}],"predecessor-version":[{"id":182,"href":"https:\/\/officebucuresti.ro\/index.php?rest_route=\/wp\/v2\/pages\/18\/revisions\/182"}],"wp:attachment":[{"href":"https:\/\/officebucuresti.ro\/index.php?rest_route=%2Fwp%2Fv2%2Fmedia&parent=18"}],"curies":[{"name":"wp","href":"https:\/\/api.w.org\/{rel}","templated":true}]}}